{"id":9955,"date":"2024-02-29T12:37:03","date_gmt":"2024-02-29T11:37:03","guid":{"rendered":"https:\/\/svbluxuryrentals.com\/legal-terms-and-conditions\/"},"modified":"2024-03-14T11:48:04","modified_gmt":"2024-03-14T10:48:04","slug":"condiciones-legales","status":"publish","type":"page","link":"https:\/\/svbluxuryrentals.com\/es\/condiciones-legales\/","title":{"rendered":"Condiciones legales"},"content":{"rendered":"\t\t<div data-elementor-type=\"wp-page\" data-elementor-id=\"9955\" class=\"elementor elementor-9955 elementor-9903\">\n\t\t\t\t\t\t\t\t\t<section class=\"elementor-section elementor-top-section elementor-element elementor-element-12b5230e elementor-section-height-min-height elementor-section-boxed elementor-section-height-default elementor-section-items-middle\" data-id=\"12b5230e\" data-element_type=\"section\" data-settings=\"{&quot;background_background&quot;:&quot;video&quot;,&quot;background_video_link&quot;:&quot;https:\\\/\\\/www.youtube.com\\\/watch?v=lK2nUoT5gpo&amp;t=74s&quot;,&quot;background_video_start&quot;:90,&quot;background_video_end&quot;:110}\">\n\t\t\t\t\t\t\t\t<div class=\"elementor-background-video-container elementor-hidden-phone\">\n\t\t\t\t\t\t\t\t\t\t\t\t\t<div class=\"elementor-background-video-embed\"><\/div>\n\t\t\t\t\t\t\t\t\t\t\t\t<\/div>\n\t\t\t\t\t\t\t\t\t<div class=\"elementor-background-overlay\"><\/div>\n\t\t\t\t\t\t\t<div class=\"elementor-container elementor-column-gap-no\">\n\t\t\t\t\t<div class=\"elementor-column elementor-col-100 elementor-top-column elementor-element elementor-element-7506b38\" data-id=\"7506b38\" data-element_type=\"column\">\n\t\t\t<div class=\"elementor-widget-wrap elementor-element-populated\">\n\t\t\t\t\t\t\t\t<div class=\"elementor-element elementor-element-5622ba40 elementor-widget elementor-widget-heading\" data-id=\"5622ba40\" data-element_type=\"widget\" data-widget_type=\"heading.default\">\n\t\t\t\t<div class=\"elementor-widget-container\">\n\t\t\t<style>\/*! elementor - v3.15.0 - 02-08-2023 *\/\n.elementor-heading-title{padding:0;margin:0;line-height:1}.elementor-widget-heading .elementor-heading-title[class*=elementor-size-]>a{color:inherit;font-size:inherit;line-height:inherit}.elementor-widget-heading .elementor-heading-title.elementor-size-small{font-size:15px}.elementor-widget-heading .elementor-heading-title.elementor-size-medium{font-size:19px}.elementor-widget-heading .elementor-heading-title.elementor-size-large{font-size:29px}.elementor-widget-heading .elementor-heading-title.elementor-size-xl{font-size:39px}.elementor-widget-heading .elementor-heading-title.elementor-size-xxl{font-size:59px}<\/style><h1 class=\"elementor-heading-title elementor-size-default\">Condiciones legales<\/h1>\t\t<\/div>\n\t\t\t\t<\/div>\n\t\t\t\t<div class=\"elementor-element elementor-element-a93fe61 animated-fast elementor-widget-divider--view-line elementor-invisible elementor-widget elementor-widget-divider\" data-id=\"a93fe61\" data-element_type=\"widget\" data-settings=\"{&quot;_animation&quot;:&quot;fadeInLeft&quot;,&quot;_animation_delay&quot;:400}\" data-widget_type=\"divider.default\">\n\t\t\t\t<div class=\"elementor-widget-container\">\n\t\t\t<style>\/*! elementor - v3.15.0 - 02-08-2023 *\/\n.elementor-widget-divider{--divider-border-style:none;--divider-border-width:1px;--divider-color:#0c0d0e;--divider-icon-size:20px;--divider-element-spacing:10px;--divider-pattern-height:24px;--divider-pattern-size:20px;--divider-pattern-url:none;--divider-pattern-repeat:repeat-x}.elementor-widget-divider .elementor-divider{display:flex}.elementor-widget-divider .elementor-divider__text{font-size:15px;line-height:1;max-width:95%}.elementor-widget-divider .elementor-divider__element{margin:0 var(--divider-element-spacing);flex-shrink:0}.elementor-widget-divider .elementor-icon{font-size:var(--divider-icon-size)}.elementor-widget-divider .elementor-divider-separator{display:flex;margin:0;direction:ltr}.elementor-widget-divider--view-line_icon .elementor-divider-separator,.elementor-widget-divider--view-line_text .elementor-divider-separator{align-items:center}.elementor-widget-divider--view-line_icon .elementor-divider-separator:after,.elementor-widget-divider--view-line_icon .elementor-divider-separator:before,.elementor-widget-divider--view-line_text .elementor-divider-separator:after,.elementor-widget-divider--view-line_text .elementor-divider-separator:before{display:block;content:\"\";border-bottom:0;flex-grow:1;border-top:var(--divider-border-width) var(--divider-border-style) var(--divider-color)}.elementor-widget-divider--element-align-left .elementor-divider .elementor-divider-separator>.elementor-divider__svg:first-of-type{flex-grow:0;flex-shrink:100}.elementor-widget-divider--element-align-left .elementor-divider-separator:before{content:none}.elementor-widget-divider--element-align-left .elementor-divider__element{margin-left:0}.elementor-widget-divider--element-align-right .elementor-divider .elementor-divider-separator>.elementor-divider__svg:last-of-type{flex-grow:0;flex-shrink:100}.elementor-widget-divider--element-align-right .elementor-divider-separator:after{content:none}.elementor-widget-divider--element-align-right .elementor-divider__element{margin-right:0}.elementor-widget-divider:not(.elementor-widget-divider--view-line_text):not(.elementor-widget-divider--view-line_icon) .elementor-divider-separator{border-top:var(--divider-border-width) var(--divider-border-style) var(--divider-color)}.elementor-widget-divider--separator-type-pattern{--divider-border-style:none}.elementor-widget-divider--separator-type-pattern.elementor-widget-divider--view-line .elementor-divider-separator,.elementor-widget-divider--separator-type-pattern:not(.elementor-widget-divider--view-line) .elementor-divider-separator:after,.elementor-widget-divider--separator-type-pattern:not(.elementor-widget-divider--view-line) .elementor-divider-separator:before,.elementor-widget-divider--separator-type-pattern:not([class*=elementor-widget-divider--view]) .elementor-divider-separator{width:100%;min-height:var(--divider-pattern-height);-webkit-mask-size:var(--divider-pattern-size) 100%;mask-size:var(--divider-pattern-size) 100%;-webkit-mask-repeat:var(--divider-pattern-repeat);mask-repeat:var(--divider-pattern-repeat);background-color:var(--divider-color);-webkit-mask-image:var(--divider-pattern-url);mask-image:var(--divider-pattern-url)}.elementor-widget-divider--no-spacing{--divider-pattern-size:auto}.elementor-widget-divider--bg-round{--divider-pattern-repeat:round}.rtl .elementor-widget-divider .elementor-divider__text{direction:rtl}.e-con-inner>.elementor-widget-divider,.e-con>.elementor-widget-divider{width:var(--container-widget-width,100%);--flex-grow:var(--container-widget-flex-grow)}<\/style>\t\t<div class=\"elementor-divider\">\n\t\t\t<span class=\"elementor-divider-separator\">\n\t\t\t\t\t\t<\/span>\n\t\t<\/div>\n\t\t\t\t<\/div>\n\t\t\t\t<\/div>\n\t\t\t\t\t<\/div>\n\t\t<\/div>\n\t\t\t\t\t\t\t<\/div>\n\t\t<\/section>\n\t\t\t\t<section class=\"elementor-section elementor-top-section elementor-element elementor-element-6806e12c elementor-section-content-bottom elementor-reverse-tablet elementor-reverse-mobile elementor-section-boxed elementor-section-height-default elementor-section-height-default\" data-id=\"6806e12c\" data-element_type=\"section\">\n\t\t\t\t\t\t<div class=\"elementor-container elementor-column-gap-default\">\n\t\t\t\t\t<div class=\"elementor-column elementor-col-100 elementor-top-column elementor-element elementor-element-3056bd8d\" data-id=\"3056bd8d\" data-element_type=\"column\">\n\t\t\t<div class=\"elementor-widget-wrap elementor-element-populated\">\n\t\t\t\t\t\t\t\t<div class=\"elementor-element elementor-element-bd8e587 elementor-widget elementor-widget-heading\" data-id=\"bd8e587\" data-element_type=\"widget\" data-widget_type=\"heading.default\">\n\t\t\t\t<div class=\"elementor-widget-container\">\n\t\t\t<h2 class=\"elementor-heading-title elementor-size-default\"><span class=\"titulo-2\" style=\"font-size:70px; color: #AA8F56;\">Condiciones legales<\/span<\/h2>\t\t<\/div>\n\t\t\t\t<\/div>\n\t\t\t\t<div class=\"elementor-element elementor-element-40370259 elementor-widget-divider--view-line elementor-widget elementor-widget-divider\" data-id=\"40370259\" data-element_type=\"widget\" data-widget_type=\"divider.default\">\n\t\t\t\t<div class=\"elementor-widget-container\">\n\t\t\t\t\t<div class=\"elementor-divider\">\n\t\t\t<span class=\"elementor-divider-separator\">\n\t\t\t\t\t\t<\/span>\n\t\t<\/div>\n\t\t\t\t<\/div>\n\t\t\t\t<\/div>\n\t\t\t\t<div class=\"elementor-element elementor-element-531b8f0 elementor-widget elementor-widget-text-editor\" data-id=\"531b8f0\" data-element_type=\"widget\" data-widget_type=\"text-editor.default\">\n\t\t\t\t<div class=\"elementor-widget-container\">\n\t\t\t<style>\/*! elementor - v3.15.0 - 02-08-2023 *\/\n.elementor-widget-text-editor.elementor-drop-cap-view-stacked .elementor-drop-cap{background-color:#69727d;color:#fff}.elementor-widget-text-editor.elementor-drop-cap-view-framed .elementor-drop-cap{color:#69727d;border:3px solid;background-color:transparent}.elementor-widget-text-editor:not(.elementor-drop-cap-view-default) .elementor-drop-cap{margin-top:8px}.elementor-widget-text-editor:not(.elementor-drop-cap-view-default) .elementor-drop-cap-letter{width:1em;height:1em}.elementor-widget-text-editor .elementor-drop-cap{float:left;text-align:center;line-height:1;font-size:50px}.elementor-widget-text-editor .elementor-drop-cap-letter{display:inline-block}<\/style>\t\t\t\t<h2>Pol\u00edtica de protecci\u00f3n de datos<\/h2>\n<p style=\"font-size: 18px; line-height: 1.5em;\">De acuerdo con la legislaci\u00f3n vigente en materia de Protecci\u00f3n de Datos de Car\u00e1cter Personal, le informamos que los datos que nos facilite a trav\u00e9s de este formulario pasar\u00e1n a formar parte de un fichero cuyo responsable es SVB Luxury Rentals.<\/p>\n<p style=\"font-size: 18px; line-height: 1.5em;\">La finalidad de este fichero es la gesti\u00f3n del servicio o informaci\u00f3n solicitada a trav\u00e9s del formulario. Puede ejercitar sus derechos de acceso, rectificaci\u00f3n, cancelaci\u00f3n y oposici\u00f3n comunic\u00e1ndolo a SVB Luxury Rentals en Av. Pescadores 6, portal 1, 1-9, 38686, Gu\u00eda de Isora, Santa Cruz de Tenerife, Tel\u00e9fono +34 683 38 34 89, y correo electr\u00f3nico<a target=\"_new\"> info@svbluxuryrentals.com<\/a>.<\/p>\n\n<h2>Pol\u00edtica de cancelaci\u00f3n y reembolso<\/h2>\n<p style=\"font-size: 18px; line-height: 1.5em;\">Las indemnizaciones que se aplicar\u00e1n, sobre el dep\u00f3sito de reserva efectuado, ser\u00e1n las que siguen:<\/p>\n<p style=\"font-size: 18px; line-height: 1.5em;\">\u2013 5% cuando la anulaci\u00f3n se efect\u00fae con m\u00e1s de 30 d\u00edas.<\/p>\n<p style=\"font-size: 18px; line-height: 1.5em;\">\u2013 50% cuando la anulaci\u00f3n se efect\u00fae en un plazo igual o inferior a 30 d\u00edas.<\/p>\n<p style=\"font-size: 18px; line-height: 1.5em;\">\u2013 100% cuando la anulaci\u00f3n se efect\u00fae en un plazo inferior a 7 d\u00edas.<\/p>\n\n<h2>Pol\u00edtica de cookies<\/h2>\n<h3 style=\"font-size: 18px; line-height: 1.5em;\">Definici\u00f3n y funci\u00f3n de las cookies<\/h3>\n<p style=\"font-size: 18px; line-height: 1.5em;\">Una cookie es un fichero que se descarga en su ordenador al acceder a determinadas p\u00e1ginas web. Las cookies permiten a una p\u00e1gina web, entre otras cosas, almacenar y recuperar informaci\u00f3n sobre los h\u00e1bitos de navegaci\u00f3n de un usuario o de su equipo y, dependiendo de la informaci\u00f3n que contengan y de la forma en que utilice su equipo, pueden utilizarse para reconocer al usuario.<\/p>\n\n<h3 style=\"font-size: 18px; line-height: 1.5em;\">Consentimiento<\/h3>\n<p style=\"font-size: 18px; line-height: 1.5em;\">Los usuarios que hayan consentido el uso de cookies, al continuar navegando, autorizan expresa e inequ\u00edvocamente el uso de esta informaci\u00f3n para la finalidad indicada. Tipos de cookies utilizadas por este sitio web.<\/p>\n\n<table class=\"t1\" cellspacing=\"0\" cellpadding=\"0\">\n<tbody>\n<tr>\n<td class=\"td1\" valign=\"top\">\n<p class=\"p1\"><b>Nombre<\/b><\/p>\n<\/td>\n<td class=\"td1\" valign=\"top\">\n<p class=\"p1\"><b>Tipo<\/b><\/p>\n<\/td>\n<td class=\"td1\" valign=\"top\">\n<p class=\"p1\"><b>Caducidad<\/b><\/p>\n<\/td>\n<td class=\"td1\" valign=\"top\">\n<p class=\"p1\"><b>Finalidad<\/b><\/p>\n<\/td>\n<\/tr>\n<tr>\n<td class=\"td1\" valign=\"top\">\n<p class=\"p2\">_ga<\/p>\n<\/td>\n<td class=\"td1\" valign=\"top\">\n<p class=\"p2\">De Terceros<\/p>\n<p class=\"p2\">(Google Analytics)<\/p>\n<\/td>\n<td class=\"td1\" valign=\"top\">\n<p class=\"p2\">2 a\u00f1os<\/p>\n<\/td>\n<td class=\"td1\" valign=\"top\">\n<p class=\"p2\">Se usa para diferenciar entre usuarios y sesiones. La cookie se crea al cargar la librer\u00eda javascript y no existe una versi\u00f3n previa de la cookie _ga. La cookie se actualiza cada vez que envia los datos a Google Analytics.<\/p>\n<\/td>\n<\/tr>\n<tr>\n<td class=\"td1\" valign=\"top\">\n<p class=\"p2\">_gat<\/p>\n<\/td>\n<td class=\"td1\" valign=\"top\">\n<p class=\"p2\">De Terceros<\/p>\n<p class=\"p2\">(Google Analytics)<\/p>\n<\/td>\n<td class=\"td1\" valign=\"top\">\n<p class=\"p2\">10 minutos desde creaci\u00f3n o modificaci\u00f3n<\/p>\n<\/td>\n<td class=\"td1\" valign=\"top\">\n<p class=\"p2\">Se usa para diferenciar entre los diferentes objetos de seguimiento creados en la sesi\u00f3n. La cookie se crea al cargar la librer\u00eda javascript y no existe una versi\u00f3n previa de la cookie _gat. La cookie se actualiza cada vez que envia los datos a Google Analytics.<\/p>\n<\/td>\n<\/tr>\n<tr>\n<td class=\"td1\" valign=\"top\">\n<p class=\"p2\">VM-ftuc<\/p>\n<\/td>\n<td class=\"td1\" valign=\"top\">\n<p class=\"p2\">De Sesi\u00f3n<\/p>\n<\/td>\n<td class=\"td1\" valign=\"top\">\n<p class=\"p2\">1 a\u00f1o<\/p>\n<\/td>\n<td class=\"td1\" valign=\"top\">\n<p class=\"p2\">Se usa para no volver a mostrar el mensaje de aviso sobre el uso de cookies en la web una vez visitada por primera vez.<\/p>\n<\/td>\n<\/tr>\n<tr>\n<td class=\"td1\" valign=\"top\">\n<p class=\"p2\">300gp<\/p>\n<\/td>\n<td class=\"td1\" valign=\"top\">\n<p class=\"p2\">De Terceros<\/p>\n<p class=\"p2\">(ovh.es)<\/p>\n<\/td>\n<td class=\"td1\" valign=\"top\">\n<p class=\"p2\">1 hora<\/p>\n<\/td>\n<td class=\"td1\" valign=\"top\">\n<p class=\"p2\">Usado por el proveedor de alojamiento web.<\/p>\n<\/td>\n<\/tr>\n<tr>\n<td class=\"td1\" valign=\"top\">\n<p class=\"p2\">300gpBAK<\/p>\n<\/td>\n<td class=\"td1\" valign=\"top\">\n<p class=\"p2\">De Terceros<\/p>\n<p class=\"p2\">(ovh.es)<\/p>\n<\/td>\n<td class=\"td1\" valign=\"top\">\n<p class=\"p2\">1 hora<\/p>\n<\/td>\n<td class=\"td1\" valign=\"top\">\n<p class=\"p2\">Usado por el proveedor de alojamiento web.<\/p>\n<\/td>\n<\/tr>\n<\/tbody>\n<\/table>\n<h2>Desactivaci\u00f3n o eliminaci\u00f3n de cookies<\/h2>\n<p style=\"font-size: 18px; line-height: 1.5em;\">Las cookies pueden deshabilitarse, aunque esto puede dar lugar a una navegaci\u00f3n menos eficaz. Si prefiere restringir, bloquear o eliminar las cookies de este sitio web, puede hacerlo modificando la configuraci\u00f3n del navegador instalado en su ordenador.<\/p>\n<p style=\"font-size: 18px; line-height: 1.5em;\">Qui\u00e9n utiliza la informaci\u00f3n almacenada en las cookies? La informaci\u00f3n almacenada en las cookies de nuestro sitio web es utilizada exclusivamente por nosotros, a excepci\u00f3n de Google Analytics, que es utilizada y gestionada por Google y por nosotros con fines estad\u00edsticos.<\/p>\n<p style=\"font-size: 18px; line-height: 1.5em;\">Actualizaciones y Cambios en la Pol\u00edtica de Cookies Este sitio web podr\u00e1 realizar cambios en la Pol\u00edtica de Cookies en funci\u00f3n de exigencias legislativas o con la finalidad de adaptar dicha pol\u00edtica a la incorporaci\u00f3n de nuevas cookies. El usuario ser\u00e1 debidamente informado en el sitio web.<\/p>\t\t\t\t\t\t<\/div>\n\t\t\t\t<\/div>\n\t\t\t\t<div class=\"elementor-element elementor-element-1b71288 elementor-widget elementor-widget-spacer\" data-id=\"1b71288\" data-element_type=\"widget\" data-widget_type=\"spacer.default\">\n\t\t\t\t<div class=\"elementor-widget-container\">\n\t\t\t<style>\/*! elementor - v3.15.0 - 02-08-2023 *\/\n.elementor-column .elementor-spacer-inner{height:var(--spacer-size)}.e-con{--container-widget-width:100%}.e-con-inner>.elementor-widget-spacer,.e-con>.elementor-widget-spacer{width:var(--container-widget-width,var(--spacer-size));--align-self:var(--container-widget-align-self,initial);--flex-shrink:0}.e-con-inner>.elementor-widget-spacer>.elementor-widget-container,.e-con-inner>.elementor-widget-spacer>.elementor-widget-container>.elementor-spacer,.e-con>.elementor-widget-spacer>.elementor-widget-container,.e-con>.elementor-widget-spacer>.elementor-widget-container>.elementor-spacer{height:100%}.e-con-inner>.elementor-widget-spacer>.elementor-widget-container>.elementor-spacer>.elementor-spacer-inner,.e-con>.elementor-widget-spacer>.elementor-widget-container>.elementor-spacer>.elementor-spacer-inner{height:var(--container-widget-height,var(--spacer-size))}<\/style>\t\t<div class=\"elementor-spacer\">\n\t\t\t<div class=\"elementor-spacer-inner\"><\/div>\n\t\t<\/div>\n\t\t\t\t<\/div>\n\t\t\t\t<\/div>\n\t\t\t\t\t<\/div>\n\t\t<\/div>\n\t\t\t\t\t\t\t<\/div>\n\t\t<\/section>\n\t\t\t\t\t\t\t<\/div>\n\t\t","protected":false},"excerpt":{"rendered":"<p>Condiciones legales Condiciones legales Pol\u00edtica de protecci\u00f3n de datos De acuerdo con la legislaci\u00f3n vigente en materia de Protecci\u00f3n de Datos de Car\u00e1cter Personal, le informamos que los datos que nos facilite a trav\u00e9s de este formulario pasar\u00e1n a formar parte de un fichero cuyo responsable es SVB Luxury Rentals. La finalidad de este fichero&#8230;<\/p>\n","protected":false},"author":1,"featured_media":0,"parent":0,"menu_order":0,"comment_status":"closed","ping_status":"closed","template":"elementor_header_footer","meta":{"footnotes":""},"class_list":["post-9955","page","type-page","status-publish","hentry"],"yoast_head":"<!-- This site is optimized with the Yoast SEO plugin v22.1 - https:\/\/yoast.com\/wordpress\/plugins\/seo\/ -->\n<title>Condiciones legales - SVB Luxury Rentals<\/title>\n<meta name=\"robots\" content=\"index, follow, max-snippet:-1, max-image-preview:large, max-video-preview:-1\" \/>\n<link rel=\"canonical\" href=\"https:\/\/svbluxuryrentals.com\/es\/condiciones-legales\/\" \/>\n<meta property=\"og:locale\" content=\"es_ES\" \/>\n<meta property=\"og:type\" content=\"article\" \/>\n<meta property=\"og:title\" content=\"Condiciones legales - SVB Luxury Rentals\" \/>\n<meta property=\"og:description\" content=\"Condiciones legales Condiciones legales Pol\u00edtica de protecci\u00f3n de datos De acuerdo con la legislaci\u00f3n vigente en materia de Protecci\u00f3n de Datos de Car\u00e1cter Personal, le informamos que los datos que nos facilite a trav\u00e9s de este formulario pasar\u00e1n a formar parte de un fichero cuyo responsable es SVB Luxury Rentals. La finalidad de este fichero...\" \/>\n<meta property=\"og:url\" content=\"https:\/\/svbluxuryrentals.com\/es\/condiciones-legales\/\" \/>\n<meta property=\"og:site_name\" content=\"SVB Luxury Rentals\" \/>\n<meta property=\"article:modified_time\" content=\"2024-03-14T10:48:04+00:00\" \/>\n<meta name=\"twitter:card\" content=\"summary_large_image\" \/>\n<meta name=\"twitter:label1\" content=\"Tiempo de lectura\" \/>\n\t<meta name=\"twitter:data1\" content=\"3 minutos\" \/>\n<script type=\"application\/ld+json\" class=\"yoast-schema-graph\">{\"@context\":\"https:\/\/schema.org\",\"@graph\":[{\"@type\":\"WebPage\",\"@id\":\"https:\/\/svbluxuryrentals.com\/es\/condiciones-legales\/\",\"url\":\"https:\/\/svbluxuryrentals.com\/es\/condiciones-legales\/\",\"name\":\"Condiciones legales - SVB Luxury Rentals\",\"isPartOf\":{\"@id\":\"https:\/\/svbluxuryrentals.com\/#website\"},\"datePublished\":\"2024-02-29T11:37:03+00:00\",\"dateModified\":\"2024-03-14T10:48:04+00:00\",\"breadcrumb\":{\"@id\":\"https:\/\/svbluxuryrentals.com\/es\/condiciones-legales\/#breadcrumb\"},\"inLanguage\":\"es\",\"potentialAction\":[{\"@type\":\"ReadAction\",\"target\":[\"https:\/\/svbluxuryrentals.com\/es\/condiciones-legales\/\"]}]},{\"@type\":\"BreadcrumbList\",\"@id\":\"https:\/\/svbluxuryrentals.com\/es\/condiciones-legales\/#breadcrumb\",\"itemListElement\":[{\"@type\":\"ListItem\",\"position\":1,\"name\":\"Home\",\"item\":\"https:\/\/svbluxuryrentals.com\/es\/\"},{\"@type\":\"ListItem\",\"position\":2,\"name\":\"Condiciones legales\"}]},{\"@type\":\"WebSite\",\"@id\":\"https:\/\/svbluxuryrentals.com\/#website\",\"url\":\"https:\/\/svbluxuryrentals.com\/\",\"name\":\"SVB Luxury Rentals\",\"description\":\"Luxury Rentals\",\"publisher\":{\"@id\":\"https:\/\/svbluxuryrentals.com\/#organization\"},\"potentialAction\":[{\"@type\":\"SearchAction\",\"target\":{\"@type\":\"EntryPoint\",\"urlTemplate\":\"https:\/\/svbluxuryrentals.com\/?s={search_term_string}\"},\"query-input\":\"required name=search_term_string\"}],\"inLanguage\":\"es\"},{\"@type\":\"Organization\",\"@id\":\"https:\/\/svbluxuryrentals.com\/#organization\",\"name\":\"SVB Luxury Rentals\",\"url\":\"https:\/\/svbluxuryrentals.com\/\",\"logo\":{\"@type\":\"ImageObject\",\"inLanguage\":\"es\",\"@id\":\"https:\/\/svbluxuryrentals.com\/#\/schema\/logo\/image\/\",\"url\":\"https:\/\/svbluxuryrentals.com\/wp-content\/uploads\/2020\/02\/LOGO_SVB_LUXURY-RENTALS_color_hor.png\",\"contentUrl\":\"https:\/\/svbluxuryrentals.com\/wp-content\/uploads\/2020\/02\/LOGO_SVB_LUXURY-RENTALS_color_hor.png\",\"width\":1500,\"height\":416,\"caption\":\"SVB Luxury Rentals\"},\"image\":{\"@id\":\"https:\/\/svbluxuryrentals.com\/#\/schema\/logo\/image\/\"}}]}<\/script>\n<!-- \/ Yoast SEO plugin. -->","yoast_head_json":{"title":"Condiciones legales - SVB Luxury Rentals","robots":{"index":"index","follow":"follow","max-snippet":"max-snippet:-1","max-image-preview":"max-image-preview:large","max-video-preview":"max-video-preview:-1"},"canonical":"https:\/\/svbluxuryrentals.com\/es\/condiciones-legales\/","og_locale":"es_ES","og_type":"article","og_title":"Condiciones legales - SVB Luxury Rentals","og_description":"Condiciones legales Condiciones legales Pol\u00edtica de protecci\u00f3n de datos De acuerdo con la legislaci\u00f3n vigente en materia de Protecci\u00f3n de Datos de Car\u00e1cter Personal, le informamos que los datos que nos facilite a trav\u00e9s de este formulario pasar\u00e1n a formar parte de un fichero cuyo responsable es SVB Luxury Rentals. La finalidad de este fichero...","og_url":"https:\/\/svbluxuryrentals.com\/es\/condiciones-legales\/","og_site_name":"SVB Luxury Rentals","article_modified_time":"2024-03-14T10:48:04+00:00","twitter_card":"summary_large_image","twitter_misc":{"Tiempo de lectura":"3 minutos"},"schema":{"@context":"https:\/\/schema.org","@graph":[{"@type":"WebPage","@id":"https:\/\/svbluxuryrentals.com\/es\/condiciones-legales\/","url":"https:\/\/svbluxuryrentals.com\/es\/condiciones-legales\/","name":"Condiciones legales - SVB Luxury Rentals","isPartOf":{"@id":"https:\/\/svbluxuryrentals.com\/#website"},"datePublished":"2024-02-29T11:37:03+00:00","dateModified":"2024-03-14T10:48:04+00:00","breadcrumb":{"@id":"https:\/\/svbluxuryrentals.com\/es\/condiciones-legales\/#breadcrumb"},"inLanguage":"es","potentialAction":[{"@type":"ReadAction","target":["https:\/\/svbluxuryrentals.com\/es\/condiciones-legales\/"]}]},{"@type":"BreadcrumbList","@id":"https:\/\/svbluxuryrentals.com\/es\/condiciones-legales\/#breadcrumb","itemListElement":[{"@type":"ListItem","position":1,"name":"Home","item":"https:\/\/svbluxuryrentals.com\/es\/"},{"@type":"ListItem","position":2,"name":"Condiciones legales"}]},{"@type":"WebSite","@id":"https:\/\/svbluxuryrentals.com\/#website","url":"https:\/\/svbluxuryrentals.com\/","name":"SVB Luxury Rentals","description":"Luxury Rentals","publisher":{"@id":"https:\/\/svbluxuryrentals.com\/#organization"},"potentialAction":[{"@type":"SearchAction","target":{"@type":"EntryPoint","urlTemplate":"https:\/\/svbluxuryrentals.com\/?s={search_term_string}"},"query-input":"required name=search_term_string"}],"inLanguage":"es"},{"@type":"Organization","@id":"https:\/\/svbluxuryrentals.com\/#organization","name":"SVB Luxury Rentals","url":"https:\/\/svbluxuryrentals.com\/","logo":{"@type":"ImageObject","inLanguage":"es","@id":"https:\/\/svbluxuryrentals.com\/#\/schema\/logo\/image\/","url":"https:\/\/svbluxuryrentals.com\/wp-content\/uploads\/2020\/02\/LOGO_SVB_LUXURY-RENTALS_color_hor.png","contentUrl":"https:\/\/svbluxuryrentals.com\/wp-content\/uploads\/2020\/02\/LOGO_SVB_LUXURY-RENTALS_color_hor.png","width":1500,"height":416,"caption":"SVB Luxury Rentals"},"image":{"@id":"https:\/\/svbluxuryrentals.com\/#\/schema\/logo\/image\/"}}]}},"_links":{"self":[{"href":"https:\/\/svbluxuryrentals.com\/es\/wp-json\/wp\/v2\/pages\/9955","targetHints":{"allow":["GET"]}}],"collection":[{"href":"https:\/\/svbluxuryrentals.com\/es\/wp-json\/wp\/v2\/pages"}],"about":[{"href":"https:\/\/svbluxuryrentals.com\/es\/wp-json\/wp\/v2\/types\/page"}],"author":[{"embeddable":true,"href":"https:\/\/svbluxuryrentals.com\/es\/wp-json\/wp\/v2\/users\/1"}],"replies":[{"embeddable":true,"href":"https:\/\/svbluxuryrentals.com\/es\/wp-json\/wp\/v2\/comments?post=9955"}],"version-history":[{"count":19,"href":"https:\/\/svbluxuryrentals.com\/es\/wp-json\/wp\/v2\/pages\/9955\/revisions"}],"predecessor-version":[{"id":10130,"href":"https:\/\/svbluxuryrentals.com\/es\/wp-json\/wp\/v2\/pages\/9955\/revisions\/10130"}],"wp:attachment":[{"href":"https:\/\/svbluxuryrentals.com\/es\/wp-json\/wp\/v2\/media?parent=9955"}],"curies":[{"name":"wp","href":"https:\/\/api.w.org\/{rel}","templated":true}]}}